{"id":63,"date":"2017-08-01T12:30:33","date_gmt":"2017-08-01T15:30:33","guid":{"rendered":"http:\/\/rodrigovenancioverissimo.16mb.com\/davi\/?page_id=63"},"modified":"2026-02-02T12:22:58","modified_gmt":"2026-02-02T15:22:58","slug":"equipe","status":"publish","type":"page","link":"https:\/\/lavi2.ic.ufmt.br\/davi\/equipe\/","title":{"rendered":"Equipe"},"content":{"rendered":"<p><\/p>\n<h3>Pesquisadores<\/h3>\n<ul>\n<li>Cristiano Maciel (coordenador) \u2013 UFMT<\/li>\n<li>Alet\u00e9ia Patr\u00edcia Favacho de Ara\u00fajo \u2013 UnB<\/li>\n<li>Aline Elias Cardoso Verhalen \u2013 UFMT<\/li>\n<li>Ana Cristina Bicharra Garcia \u2013 UNIRIO<\/li>\n<li>Andrea Oxley da Rocha \u2013 UFCSPA<\/li>\n<li>Carla Faria Leit\u00e3o \u2013 PUC-Rio<\/li>\n<li>Clarisse Sieckenius de Souza \u2013 PUC-Rio<\/li>\n<li>Daniela Cardoso Tavares &#8211; UFRJ<\/li>\n<li>Daniele Trevisan &#8211; UFMT<\/li>\n<li>Fabiana Freitas Mendes \u2013 UnB<\/li>\n<li>Fernanda Lima &#8211; UnB<\/li>\n<li>Fernando Marcos Bonnemasou Moreira de Castilho \u2013 UFMT<\/li>\n<li>Flavia Cristina Bernardini \u2013 UFF<\/li>\n<li>Gabriela Dalla Giacomassa Rocha Thomaz \u2013 UFCSPA<\/li>\n<li>Isabela Gasparini \u2013 UDESC<\/li>\n<li>Jivago Medeiros Ribeiro\u00a0 &#8211; UFMT<\/li>\n<li>Jonice de Oliveira Sampaio \u2013 UFRJ<\/li>\n<li>Jos\u00e9 Viterbo Filho \u2013 UFF<\/li>\n<li>Kamila Rios da Hora Rodrigues \u2013 USP<\/li>\n<li>K\u00e1tia Morosov Alonso \u2013 UFMT<\/li>\n<li>Lara Schibelsky Godoy Piccolo \u2013 Open University<\/li>\n<li>Lu\u00e3 Marcelo Muriana \u2013 Unicamp<\/li>\n<li>Lucas Afonso da Silva Campos \u2013 UFMT<\/li>\n<li>Luciana Cardoso de Castro Salgado \u2013 UFF<\/li>\n<li>Lu\u00eds Fl\u00e1vio Ferreira Monteiro \u2013 UFMT<\/li>\n<li>Maria Cecilia Calani Baranauskas \u2013 Unicamp<\/li>\n<li>Maria Fernanda de Paula Lira \u2013 UFMT<\/li>\n<li>Michele Marta Moraes Castro &#8211; UFMT<\/li>\n<li>Monica Sztern \u2013 RJ<\/li>\n<li>Ney Alves de Arruda \u2013 UFMT<\/li>\n<li>Patricia Cristiane de Souza \u2013 UFMT<\/li>\n<li>Raquel Oliveira Prates \u2013 UFMG<\/li>\n<li>Renan Vinicius Aranha &#8211; UFMT<\/li>\n<li>Roberto Pereira \u2013 UFPR<\/li>\n<li>Silvia Am\u00e9lia Bim \u2013 UTFPR<\/li>\n<li>T\u00e2nia Saraiva de Melo Pinheiro \u2013 UFC<\/li>\n<li>Vinicius Carvalho Pereira \u2013 UFMT<\/li>\n<li>Vinicius Ferreira Galv\u00e3o &#8211; USP<\/li>\n<\/ul>\n<h3>Pesquisadores de Inicia\u00e7\u00e3o Cient\u00edfica<\/h3>\n<ul>\n<li>Cassia Maria Nascimento de Lima &#8211; UFMT<\/li>\n<li>Gabriel Acassio Correia &#8211; UFMT<\/li>\n<li>L\u00edvia Elias Cardoso Verhalen &#8211; UFMT<\/li>\n<li>Lucas Afonso da Silva Campos &#8211; UFMT<\/li>\n<li>Luis Fl\u00e1vio Ferreira Monteiro &#8211; UFMT<\/li>\n<li>Maria Fernanda de Paula Lira &#8211; UFMT<\/li>\n<\/ul>\n<h3>Colaboradores:<\/h3>\n<ul>\n<li>Caio Cesar Val\u00e9rio<\/li>\n<li>Cassia Maria Nascimento de Lima<\/li>\n<li>Cleusa de F\u00e1tima Granatto \u2013 UTFPR<\/li>\n<li>Danilo Barros Dos Santos<\/li>\n<li>Fl\u00e1via Renata Beppu \u2013 MPE-MT<\/li>\n<li>Gabriel Alcantra Cardoso<\/li>\n<li>Gustavo Seiji Ueda<\/li>\n<li>Helen Santos Picoli \u2013 USP<\/li>\n<li>Josemar Cristiano da Silva<\/li>\n<li>Juliana Garcia Rigolin<\/li>\n<li>Juliane Chaneiko<\/li>\n<li>L\u00edvia Elias<\/li>\n<li>Maicon de Sousa Oliveira<\/li>\n<li>Nicole Mendes dos Santos \u2013 UTFPR<\/li>\n<li>Paula Caroline Nunes da Silva<\/li>\n<li>Suzane Santos dos Santos \u2013 USP<\/li>\n<\/ul>\n<h3>Ilustra\u00e7\u00e3o\/Design gr\u00e1fico<\/h3>\n<ul>\n<li>Mauricio Mota. <a href=\"https:\/\/www.instagram.com\/mauriciojmota\/\">Instagram<\/a><\/li>\n<\/ul>\n<p>&nbsp;<\/p>\n<h3>Ex-bolsistas:<\/h3>\n<ul>\n<li>Aline Elias Cardoso Verhalen<\/li>\n<li>Aron Daniel Lopes<\/li>\n<li>Caio Cesar Val\u00e9rio<\/li>\n<li>Danilo Barros dos Santos<\/li>\n<li>Eduardo Akimitsu Yamauchi<\/li>\n<li>Gabriel Trocha Viana<\/li>\n<li>Itacir Gabral Xavier Junior<\/li>\n<li>Juliana Micolino Cabral<\/li>\n<li>Ketelem Lemos de Campos<\/li>\n<li>Rafael Ben\u00e1 de Araujo<\/li>\n<li>Thais Justi de Toledo<\/li>\n<li>Vinicius Cardoso Faria<\/li>\n<\/ul>\n<h3>Ex-colaboradores:<\/h3>\n<ul>\n<li>Fagner da Silva Alves<\/li>\n<li>Mariana Hanae Nascimento Hayashi<\/li>\n<\/ul>\n<p><\/p>","protected":false},"excerpt":{"rendered":"<p>Pesquisadores Cristiano Maciel (coordenador) \u2013 UFMT Alet\u00e9ia Patr\u00edcia Favacho de Ara\u00fajo \u2013 UnB Aline Elias Cardoso Verhalen \u2013 UFMT Ana Cristina Bicharra Garcia \u2013 UNIRIO Andrea Oxley da Rocha \u2013 UFCSPA Carla Faria Leit\u00e3o \u2013 PUC-Rio Clarisse Sieckenius de Souza \u2013 PUC-Rio Daniela Cardoso Tavares &#8211; UFRJ Daniele Trevisan &#8211; UFMT Fabiana Freitas Mendes \u2013 [&hellip;]<\/p>\n","protected":false},"author":1,"featured_media":0,"parent":0,"menu_order":0,"comment_status":"closed","ping_status":"closed","template":"","meta":{"_acf_changed":false,"_monsterinsights_skip_tracking":false,"_monsterinsights_sitenote_active":false,"_monsterinsights_sitenote_note":"","_monsterinsights_sitenote_category":0,"footnotes":""},"class_list":["post-63","page","type-page","status-publish","hentry"],"acf":[],"_links":{"self":[{"href":"https:\/\/lavi2.ic.ufmt.br\/davi\/wp-json\/wp\/v2\/pages\/63","targetHints":{"allow":["GET"]}}],"collection":[{"href":"https:\/\/lavi2.ic.ufmt.br\/davi\/wp-json\/wp\/v2\/pages"}],"about":[{"href":"https:\/\/lavi2.ic.ufmt.br\/davi\/wp-json\/wp\/v2\/types\/page"}],"author":[{"embeddable":true,"href":"https:\/\/lavi2.ic.ufmt.br\/davi\/wp-json\/wp\/v2\/users\/1"}],"replies":[{"embeddable":true,"href":"https:\/\/lavi2.ic.ufmt.br\/davi\/wp-json\/wp\/v2\/comments?post=63"}],"version-history":[{"count":4,"href":"https:\/\/lavi2.ic.ufmt.br\/davi\/wp-json\/wp\/v2\/pages\/63\/revisions"}],"predecessor-version":[{"id":1030,"href":"https:\/\/lavi2.ic.ufmt.br\/davi\/wp-json\/wp\/v2\/pages\/63\/revisions\/1030"}],"wp:attachment":[{"href":"https:\/\/lavi2.ic.ufmt.br\/davi\/wp-json\/wp\/v2\/media?parent=63"}],"curies":[{"name":"wp","href":"https:\/\/api.w.org\/{rel}","templated":true}]}}